{"id":18,"date":"2023-04-12T13:35:38","date_gmt":"2023-04-12T13:35:38","guid":{"rendered":"https:\/\/racksweekend.com.br\/sobre\/"},"modified":"2024-12-03T20:10:34","modified_gmt":"2024-12-03T20:10:34","slug":"sobre","status":"publish","type":"page","link":"https:\/\/racksweekend.com.br\/pl\/sobre\/","title":{"rendered":"O"},"content":{"rendered":"<p><strong>O nas \u2013 Racks Weekend<\/strong><\/p>\n\n\n\n<p>Witamy w Racks Weekend, Twoim ostatecznym przewodniku po tym, jak zamieni\u0107 zwyk\u0142e weekendy w niezapomniane do\u015bwiadczenia! Jeste\u015bmy pasjonatami odkrywania, dzielenia si\u0119 i prze\u017cywania chwil, kt\u00f3re sprawiaj\u0105, \u017ce ka\u017cdy wypad jest wyj\u0105tkowy, czy to spok\u00f3j rajskiej pla\u017cy, przygoda na wymagaj\u0105cym szlaku, czy odkrywanie urokliwego miasta.<\/p>\n\n\n\n<h3 class=\"wp-block-heading\">Kim jeste\u015bmy<\/h3>\n\n\n\n<p>Racks Weekend narodzi\u0142o si\u0119 z ch\u0119ci zebrania w jednym miejscu najlepszych wskaz\u00f3wek i tras dla tych, kt\u00f3rzy chc\u0105 w pe\u0142ni wykorzysta\u0107 swoje weekendy i wakacje. Nasz zesp\u00f3\u0142 sk\u0142ada si\u0119 z do\u015bwiadczonych podr\u00f3\u017cnik\u00f3w, mi\u0142o\u015bnik\u00f3w przyrody i miejskich odkrywc\u00f3w, kt\u00f3rzy po\u015bwi\u0119caj\u0105 sw\u00f3j czas na odkrywanie niesamowitych miejsc i zapewnianie niezapomnianych wra\u017ce\u0144.<\/p>\n\n\n\n<h3 class=\"wp-block-heading\">Nasza misja<\/h3>\n\n\n\n<p>Wierzymy, \u017ce ka\u017cdy weekend jest okazj\u0105 do wyj\u015bcia poza rutyn\u0119, odkrywania nowych miejsc i tworzenia historii do opowiedzenia. Nasz\u0105 misj\u0105 jest inspirowanie i pomoc w planowaniu podr\u00f3\u017cy w prosty i praktyczny spos\u00f3b, oferuj\u0105c szczeg\u00f3\u0142owe informacje, spersonalizowane trasy i cenne wskaz\u00f3wki dla wszystkich typ\u00f3w podr\u00f3\u017cnik\u00f3w.<\/p>\n\n\n\n<h3 class=\"wp-block-heading\">Co oferujemy<\/h3>\n\n\n\n<ul class=\"wp-block-list\">\n<li><strong>Przewodniki turystyczne<\/strong>:Kompletne plany podr\u00f3\u017cy krajowych i zagranicznych wraz ze wskaz\u00f3wkami dotycz\u0105cymi zakwaterowania, gastronomii i niezapomnianych atrakcji.<\/li>\n\n\n\n<li><strong>Porady dotycz\u0105ce przyg\u00f3d i wypoczynku<\/strong>:Propozycje dla mi\u0142o\u015bnik\u00f3w sport\u00f3w ekstremalnych, pieszych w\u0119dr\u00f3wek, wycieczek kulturowych i chwil relaksu na \u0142onie natury.<\/li>\n\n\n\n<li><strong>Ekskluzywne do\u015bwiadczenia<\/strong>:Odkryj wydarzenia, wycieczki i do\u015bwiadczenia, kt\u00f3re uczyni\u0105 Tw\u00f3j weekend niezapomnianym.<\/li>\n\n\n\n<li><strong>Spo\u0142eczno\u015b\u0107 weekendowa Racks<\/strong>:Przestrze\u0144, w kt\u00f3rej podr\u00f3\u017cnicy mog\u0105 dzieli\u0107 si\u0119 swoimi historiami, wskaz\u00f3wkami i zdj\u0119ciami z podr\u00f3\u017cy, tworz\u0105c sie\u0107 inspiracji i przyja\u017ani.<\/li>\n<\/ul>\n\n\n\n<h3 class=\"wp-block-heading\">Dlaczego warto wybra\u0107 Racks Weekend?<\/h3>\n\n\n\n<p>Wiemy, \u017ce czas jest cenny, a planowanie podr\u00f3\u017cy mo\u017ce by\u0107 trudne. Dlatego oferujemy wysokiej jako\u015bci tre\u015bci, tworzone przez osoby, kt\u00f3re rozumiej\u0105 podr\u00f3\u017ce i wiedz\u0105, co jest dla Ciebie wa\u017cne. Ka\u017cdy szczeg\u00f3\u0142 jest przemy\u015blany, aby Twoje do\u015bwiadczenie by\u0142o niesamowite od pocz\u0105tku do ko\u0144ca.<\/p>\n\n\n\n<h3 class=\"wp-block-heading\">P\u00f3jdziemy razem?<\/h3>\n\n\n\n<p>Niezale\u017cnie od tego, czy jeste\u015b do\u015bwiadczonym podr\u00f3\u017cnikiem, czy osob\u0105 dopiero zaczynaj\u0105c\u0105 odkrywa\u0107 \u015bwiat, Racks Weekend jest tutaj, aby by\u0107 Twoim towarzyszem podr\u00f3\u017cy. Pozw\u00f3l nam zamieni\u0107 Twoje weekendy w niezapomniane przygody i niepowtarzalne chwile.<\/p>\n\n\n\n<p><strong>Weekend z rega\u0142ami<\/strong> \u2014 \u017bycie to odkrywanie!<\/p>\n\n\n\n<hr class=\"wp-block-separator has-alpha-channel-opacity\"\/>\n\n\n\n<p>Je\u015bli masz jakiekolwiek pytania dotycz\u0105ce Witryny, Reklamy i innych spraw, nie wahaj si\u0119 z nami skontaktowa\u0107, czekamy na odpowied\u017a na naszej stronie kontaktowej, pracujemy 24 godziny na dob\u0119 w tej dziedzinie i mamy wystarczaj\u0105ce do\u015bwiadczenie, aby zapewni\u0107 wys\u0142a\u0107 do <strong>contato@rackswekeend.com.br<\/strong><\/p>","protected":false},"excerpt":{"rendered":"<p>O nas \u2013 Racks Weekend Witamy w Racks Weekend, Twoim kompleksowym przewodniku po tym, jak przekszta\u0142ci\u0107 zwyk\u0142e weekendy w niezapomniane prze\u017cycia! Z pasj\u0105 odkrywamy, dzielimy si\u0119 i prze\u017cywamy chwile, kt\u00f3re sprawiaj\u0105, \u017ce ka\u017cdy wypad jest wyj\u0105tkowy \u2013 czy to spok\u00f3j rajskiej pla\u017cy, przygoda na wymagaj\u0105cym szlaku, czy odkrywanie urokliwego miasta. \u2026 <\/p>","protected":false},"author":12,"featured_media":0,"parent":0,"menu_order":0,"comment_status":"closed","ping_status":"closed","template":"","meta":{"footnotes":""},"class_list":["post-18","page","type-page","status-publish","hentry","fadeIn","image-hover-transition-effect","latest_post"],"yoast_head":"<!-- This site is optimized with the Yoast SEO plugin v26.8 - https:\/\/yoast.com\/product\/yoast-seo-wordpress\/ -->\n<title>Sobre - Racks Weekend<\/title>\n<meta name=\"robots\" content=\"index, follow, max-snippet:-1, max-image-preview:large, max-video-preview:-1\" \/>\n<link rel=\"canonical\" href=\"https:\/\/racksweekend.com.br\/pl\/sobre\/\" \/>\n<meta property=\"og:locale\" content=\"pl_PL\" \/>\n<meta property=\"og:type\" content=\"article\" \/>\n<meta property=\"og:title\" content=\"Sobre - Racks Weekend\" \/>\n<meta property=\"og:description\" content=\"Sobre N\u00f3s &#8211; Racks Weekend Bem-vindo ao Racks Weekend, o seu guia definitivo para transformar finais de semana comuns em experi\u00eancias memor\u00e1veis! Somos apaixonados por explorar, compartilhar e viver momentos que tornam cada escapada especial, seja na tranquilidade de uma praia paradis\u00edaca, na aventura de uma trilha desafiadora ou na descoberta de uma cidade encantadora. &hellip;\" \/>\n<meta property=\"og:url\" content=\"https:\/\/racksweekend.com.br\/pl\/sobre\/\" \/>\n<meta property=\"og:site_name\" content=\"Racks Weekend\" \/>\n<meta property=\"article:modified_time\" content=\"2024-12-03T20:10:34+00:00\" \/>\n<meta name=\"twitter:card\" content=\"summary_large_image\" \/>\n<meta name=\"twitter:label1\" content=\"Szacowany czas czytania\" \/>\n\t<meta name=\"twitter:data1\" content=\"3 minuty\" \/>\n<script type=\"application\/ld+json\" class=\"yoast-schema-graph\">{\"@context\":\"https:\/\/schema.org\",\"@graph\":[{\"@type\":\"WebPage\",\"@id\":\"https:\/\/racksweekend.com.br\/sobre\/\",\"url\":\"https:\/\/racksweekend.com.br\/sobre\/\",\"name\":\"Sobre - Racks Weekend\",\"isPartOf\":{\"@id\":\"https:\/\/racksweekend.com.br\/#website\"},\"datePublished\":\"2023-04-12T13:35:38+00:00\",\"dateModified\":\"2024-12-03T20:10:34+00:00\",\"breadcrumb\":{\"@id\":\"https:\/\/racksweekend.com.br\/sobre\/#breadcrumb\"},\"inLanguage\":\"pl-PL\",\"potentialAction\":[{\"@type\":\"ReadAction\",\"target\":[\"https:\/\/racksweekend.com.br\/sobre\/\"]}]},{\"@type\":\"BreadcrumbList\",\"@id\":\"https:\/\/racksweekend.com.br\/sobre\/#breadcrumb\",\"itemListElement\":[{\"@type\":\"ListItem\",\"position\":1,\"name\":\"Home\",\"item\":\"https:\/\/racksweekend.com.br\/\"},{\"@type\":\"ListItem\",\"position\":2,\"name\":\"Sobre\"}]},{\"@type\":\"WebSite\",\"@id\":\"https:\/\/racksweekend.com.br\/#website\",\"url\":\"https:\/\/racksweekend.com.br\/\",\"name\":\"Racks Weekend\",\"description\":\"\",\"publisher\":{\"@id\":\"https:\/\/racksweekend.com.br\/#organization\"},\"potentialAction\":[{\"@type\":\"SearchAction\",\"target\":{\"@type\":\"EntryPoint\",\"urlTemplate\":\"https:\/\/racksweekend.com.br\/?s={search_term_string}\"},\"query-input\":{\"@type\":\"PropertyValueSpecification\",\"valueRequired\":true,\"valueName\":\"search_term_string\"}}],\"inLanguage\":\"pl-PL\"},{\"@type\":\"Organization\",\"@id\":\"https:\/\/racksweekend.com.br\/#organization\",\"name\":\"Racks Weekend\",\"url\":\"https:\/\/racksweekend.com.br\/\",\"logo\":{\"@type\":\"ImageObject\",\"inLanguage\":\"pl-PL\",\"@id\":\"https:\/\/racksweekend.com.br\/#\/schema\/logo\/image\/\",\"url\":\"https:\/\/racksweekend.com.br\/wp-content\/uploads\/2024\/01\/cropped-LOGO-RACKS-2.png\",\"contentUrl\":\"https:\/\/racksweekend.com.br\/wp-content\/uploads\/2024\/01\/cropped-LOGO-RACKS-2.png\",\"width\":1919,\"height\":538,\"caption\":\"Racks Weekend\"},\"image\":{\"@id\":\"https:\/\/racksweekend.com.br\/#\/schema\/logo\/image\/\"}}]}<\/script>\n<!-- \/ Yoast SEO plugin. -->","yoast_head_json":{"title":"O nas - Racks Weekend","robots":{"index":"index","follow":"follow","max-snippet":"max-snippet:-1","max-image-preview":"max-image-preview:large","max-video-preview":"max-video-preview:-1"},"canonical":"https:\/\/racksweekend.com.br\/pl\/sobre\/","og_locale":"pl_PL","og_type":"article","og_title":"Sobre - Racks Weekend","og_description":"Sobre N\u00f3s &#8211; Racks Weekend Bem-vindo ao Racks Weekend, o seu guia definitivo para transformar finais de semana comuns em experi\u00eancias memor\u00e1veis! Somos apaixonados por explorar, compartilhar e viver momentos que tornam cada escapada especial, seja na tranquilidade de uma praia paradis\u00edaca, na aventura de uma trilha desafiadora ou na descoberta de uma cidade encantadora. &hellip;","og_url":"https:\/\/racksweekend.com.br\/pl\/sobre\/","og_site_name":"Racks Weekend","article_modified_time":"2024-12-03T20:10:34+00:00","twitter_card":"summary_large_image","twitter_misc":{"Szacowany czas czytania":"3 minuty"},"schema":{"@context":"https:\/\/schema.org","@graph":[{"@type":"WebPage","@id":"https:\/\/racksweekend.com.br\/sobre\/","url":"https:\/\/racksweekend.com.br\/sobre\/","name":"O nas - Racks Weekend","isPartOf":{"@id":"https:\/\/racksweekend.com.br\/#website"},"datePublished":"2023-04-12T13:35:38+00:00","dateModified":"2024-12-03T20:10:34+00:00","breadcrumb":{"@id":"https:\/\/racksweekend.com.br\/sobre\/#breadcrumb"},"inLanguage":"pl-PL","potentialAction":[{"@type":"ReadAction","target":["https:\/\/racksweekend.com.br\/sobre\/"]}]},{"@type":"BreadcrumbList","@id":"https:\/\/racksweekend.com.br\/sobre\/#breadcrumb","itemListElement":[{"@type":"ListItem","position":1,"name":"Home","item":"https:\/\/racksweekend.com.br\/"},{"@type":"ListItem","position":2,"name":"Sobre"}]},{"@type":"WebSite","@id":"https:\/\/racksweekend.com.br\/#website","url":"https:\/\/racksweekend.com.br\/","name":"Weekend z rega\u0142ami","description":"","publisher":{"@id":"https:\/\/racksweekend.com.br\/#organization"},"potentialAction":[{"@type":"SearchAction","target":{"@type":"EntryPoint","urlTemplate":"https:\/\/racksweekend.com.br\/?s={search_term_string}"},"query-input":{"@type":"PropertyValueSpecification","valueRequired":true,"valueName":"search_term_string"}}],"inLanguage":"pl-PL"},{"@type":"Organization","@id":"https:\/\/racksweekend.com.br\/#organization","name":"Weekend z rega\u0142ami","url":"https:\/\/racksweekend.com.br\/","logo":{"@type":"ImageObject","inLanguage":"pl-PL","@id":"https:\/\/racksweekend.com.br\/#\/schema\/logo\/image\/","url":"https:\/\/racksweekend.com.br\/wp-content\/uploads\/2024\/01\/cropped-LOGO-RACKS-2.png","contentUrl":"https:\/\/racksweekend.com.br\/wp-content\/uploads\/2024\/01\/cropped-LOGO-RACKS-2.png","width":1919,"height":538,"caption":"Racks Weekend"},"image":{"@id":"https:\/\/racksweekend.com.br\/#\/schema\/logo\/image\/"}}]}},"_links":{"self":[{"href":"https:\/\/racksweekend.com.br\/pl\/wp-json\/wp\/v2\/pages\/18","targetHints":{"allow":["GET"]}}],"collection":[{"href":"https:\/\/racksweekend.com.br\/pl\/wp-json\/wp\/v2\/pages"}],"about":[{"href":"https:\/\/racksweekend.com.br\/pl\/wp-json\/wp\/v2\/types\/page"}],"author":[{"embeddable":true,"href":"https:\/\/racksweekend.com.br\/pl\/wp-json\/wp\/v2\/users\/12"}],"replies":[{"embeddable":true,"href":"https:\/\/racksweekend.com.br\/pl\/wp-json\/wp\/v2\/comments?post=18"}],"version-history":[{"count":1,"href":"https:\/\/racksweekend.com.br\/pl\/wp-json\/wp\/v2\/pages\/18\/revisions"}],"predecessor-version":[{"id":82012,"href":"https:\/\/racksweekend.com.br\/pl\/wp-json\/wp\/v2\/pages\/18\/revisions\/82012"}],"wp:attachment":[{"href":"https:\/\/racksweekend.com.br\/pl\/wp-json\/wp\/v2\/media?parent=18"}],"curies":[{"name":"wp","href":"https:\/\/api.w.org\/{rel}","templated":true}]}}