{"id":18,"date":"2023-04-12T13:35:38","date_gmt":"2023-04-12T13:35:38","guid":{"rendered":"https:\/\/racksweekend.com.br\/sobre\/"},"modified":"2024-12-03T20:10:34","modified_gmt":"2024-12-03T20:10:34","slug":"sobre","status":"publish","type":"page","link":"https:\/\/racksweekend.com.br\/it\/sobre\/","title":{"rendered":"SU"},"content":{"rendered":"<p><strong>Chi siamo \u2013 Racks Weekend<\/strong><\/p>\n\n\n\n<p>Benvenuti a Racks Weekend, la vostra guida definitiva per trasformare i vostri weekend ordinari in esperienze memorabili! La nostra passione \u00e8 esplorare, condividere e vivere momenti che rendono speciale ogni vacanza, che si tratti della tranquillit\u00e0 di una spiaggia paradisiaca, dell&#039;avventura di un sentiero impegnativo o della scoperta di una citt\u00e0 affascinante.<\/p>\n\n\n\n<h3 class=\"wp-block-heading\">Chi siamo<\/h3>\n\n\n\n<p>Racks Weekend nasce dal desiderio di riunire in un unico luogo i migliori consigli e itinerari per chi desidera sfruttare al meglio i propri weekend e le proprie vacanze. Il nostro team \u00e8 composto da viaggiatori esperti, amanti della natura ed esploratori urbani che dedicano il loro tempo alla scoperta di luoghi incredibili e alla creazione di esperienze indimenticabili.<\/p>\n\n\n\n<h3 class=\"wp-block-heading\">La nostra missione<\/h3>\n\n\n\n<p>Crediamo che ogni weekend sia un&#039;opportunit\u00e0 per staccare dalla routine, scoprire nuovi luoghi e creare storie da raccontare. La nostra missione \u00e8 ispirarvi e aiutarvi a pianificare i vostri viaggi in modo semplice e pratico, offrendo informazioni dettagliate, itinerari personalizzati e preziosi consigli per ogni tipo di viaggiatore.<\/p>\n\n\n\n<h3 class=\"wp-block-heading\">Cosa offriamo<\/h3>\n\n\n\n<ul class=\"wp-block-list\">\n<li><strong>Guide di viaggio<\/strong>: Itinerari completi per destinazioni nazionali e internazionali, con consigli su alloggi, gastronomia e attivit\u00e0 imperdibili.<\/li>\n\n\n\n<li><strong>Consigli per avventure e tempo libero<\/strong>: Proposte per chi ama gli sport estremi, i percorsi, i tour culturali o i momenti di relax immersi nella natura.<\/li>\n\n\n\n<li><strong>Esperienze esclusive<\/strong>: Scopri eventi, tour ed esperienze che renderanno il tuo weekend indimenticabile.<\/li>\n\n\n\n<li><strong>Comunit\u00e0 del fine settimana di Racks<\/strong>: Uno spazio in cui i viaggiatori possono condividere le loro storie, consigli e foto di viaggio, creando una rete di ispirazione e amicizia.<\/li>\n<\/ul>\n\n\n\n<h3 class=\"wp-block-heading\">Perch\u00e9 scegliere Racks Weekend?<\/h3>\n\n\n\n<p>Sappiamo che il tempo \u00e8 prezioso e che pianificare un viaggio pu\u00f2 essere impegnativo. Ecco perch\u00e9 offriamo contenuti di qualit\u00e0, creati da persone che conoscono il mondo dei viaggi e sanno cosa \u00e8 importante per te. Ogni dettaglio \u00e8 pensato per garantire che la tua esperienza sia incredibile dall&#039;inizio alla fine.<\/p>\n\n\n\n<h3 class=\"wp-block-heading\">Andiamo insieme?<\/h3>\n\n\n\n<p>Che tu sia un viaggiatore esperto o che tu stia appena iniziando a esplorare il mondo, Racks Weekend \u00e8 qui per essere il tuo compagno di viaggio. Trasformeremo i tuoi weekend in avventure indimenticabili e momenti unici.<\/p>\n\n\n\n<p><strong>Weekend di Racks<\/strong> \u2014 Vivere \u00e8 esplorare!<\/p>\n\n\n\n<hr class=\"wp-block-separator has-alpha-channel-opacity\"\/>\n\n\n\n<p>Se avete domande sul Sito, sulla Pubblicit\u00e0 e su qualsiasi altra questione, non esitate a contattarci, saremo lieti di rispondervi sulla nostra pagina dei contatti, lavoriamo 24 ore su 24 in questo campo e abbiamo abbastanza esperienza per fornire l&#039;invio a <strong>contato@rackswekeend.com.br<\/strong><\/p>","protected":false},"excerpt":{"rendered":"<p>Sobre N\u00f3s &#8211; Racks Weekend Bem-vindo ao Racks Weekend, o seu guia definitivo para transformar finais de semana comuns em experi\u00eancias memor\u00e1veis! Somos apaixonados por explorar, compartilhar e viver momentos que tornam cada escapada especial, seja na tranquilidade de uma praia paradis\u00edaca, na aventura de uma trilha desafiadora ou na descoberta de uma cidade encantadora. &hellip; <\/p>","protected":false},"author":12,"featured_media":0,"parent":0,"menu_order":0,"comment_status":"closed","ping_status":"closed","template":"","meta":{"footnotes":""},"class_list":["post-18","page","type-page","status-publish","hentry","fadeIn","image-hover-transition-effect","latest_post"],"yoast_head":"<!-- This site is optimized with the Yoast SEO plugin v26.8 - https:\/\/yoast.com\/product\/yoast-seo-wordpress\/ -->\n<title>Sobre - Racks Weekend<\/title>\n<meta name=\"robots\" content=\"index, follow, max-snippet:-1, max-image-preview:large, max-video-preview:-1\" \/>\n<link rel=\"canonical\" href=\"https:\/\/racksweekend.com.br\/it\/sobre\/\" \/>\n<meta property=\"og:locale\" content=\"it_IT\" \/>\n<meta property=\"og:type\" content=\"article\" \/>\n<meta property=\"og:title\" content=\"Sobre - Racks Weekend\" \/>\n<meta property=\"og:description\" content=\"Sobre N\u00f3s &#8211; Racks Weekend Bem-vindo ao Racks Weekend, o seu guia definitivo para transformar finais de semana comuns em experi\u00eancias memor\u00e1veis! Somos apaixonados por explorar, compartilhar e viver momentos que tornam cada escapada especial, seja na tranquilidade de uma praia paradis\u00edaca, na aventura de uma trilha desafiadora ou na descoberta de uma cidade encantadora. &hellip;\" \/>\n<meta property=\"og:url\" content=\"https:\/\/racksweekend.com.br\/it\/sobre\/\" \/>\n<meta property=\"og:site_name\" content=\"Racks Weekend\" \/>\n<meta property=\"article:modified_time\" content=\"2024-12-03T20:10:34+00:00\" \/>\n<meta name=\"twitter:card\" content=\"summary_large_image\" \/>\n<meta name=\"twitter:label1\" content=\"Tempo di lettura stimato\" \/>\n\t<meta name=\"twitter:data1\" content=\"3 minuti\" \/>\n<script type=\"application\/ld+json\" class=\"yoast-schema-graph\">{\"@context\":\"https:\/\/schema.org\",\"@graph\":[{\"@type\":\"WebPage\",\"@id\":\"https:\/\/racksweekend.com.br\/sobre\/\",\"url\":\"https:\/\/racksweekend.com.br\/sobre\/\",\"name\":\"Sobre - Racks Weekend\",\"isPartOf\":{\"@id\":\"https:\/\/racksweekend.com.br\/#website\"},\"datePublished\":\"2023-04-12T13:35:38+00:00\",\"dateModified\":\"2024-12-03T20:10:34+00:00\",\"breadcrumb\":{\"@id\":\"https:\/\/racksweekend.com.br\/sobre\/#breadcrumb\"},\"inLanguage\":\"it-IT\",\"potentialAction\":[{\"@type\":\"ReadAction\",\"target\":[\"https:\/\/racksweekend.com.br\/sobre\/\"]}]},{\"@type\":\"BreadcrumbList\",\"@id\":\"https:\/\/racksweekend.com.br\/sobre\/#breadcrumb\",\"itemListElement\":[{\"@type\":\"ListItem\",\"position\":1,\"name\":\"Home\",\"item\":\"https:\/\/racksweekend.com.br\/\"},{\"@type\":\"ListItem\",\"position\":2,\"name\":\"Sobre\"}]},{\"@type\":\"WebSite\",\"@id\":\"https:\/\/racksweekend.com.br\/#website\",\"url\":\"https:\/\/racksweekend.com.br\/\",\"name\":\"Racks Weekend\",\"description\":\"\",\"publisher\":{\"@id\":\"https:\/\/racksweekend.com.br\/#organization\"},\"potentialAction\":[{\"@type\":\"SearchAction\",\"target\":{\"@type\":\"EntryPoint\",\"urlTemplate\":\"https:\/\/racksweekend.com.br\/?s={search_term_string}\"},\"query-input\":{\"@type\":\"PropertyValueSpecification\",\"valueRequired\":true,\"valueName\":\"search_term_string\"}}],\"inLanguage\":\"it-IT\"},{\"@type\":\"Organization\",\"@id\":\"https:\/\/racksweekend.com.br\/#organization\",\"name\":\"Racks Weekend\",\"url\":\"https:\/\/racksweekend.com.br\/\",\"logo\":{\"@type\":\"ImageObject\",\"inLanguage\":\"it-IT\",\"@id\":\"https:\/\/racksweekend.com.br\/#\/schema\/logo\/image\/\",\"url\":\"https:\/\/racksweekend.com.br\/wp-content\/uploads\/2024\/01\/cropped-LOGO-RACKS-2.png\",\"contentUrl\":\"https:\/\/racksweekend.com.br\/wp-content\/uploads\/2024\/01\/cropped-LOGO-RACKS-2.png\",\"width\":1919,\"height\":538,\"caption\":\"Racks Weekend\"},\"image\":{\"@id\":\"https:\/\/racksweekend.com.br\/#\/schema\/logo\/image\/\"}}]}<\/script>\n<!-- \/ Yoast SEO plugin. -->","yoast_head_json":{"title":"Sobre - Racks Weekend","robots":{"index":"index","follow":"follow","max-snippet":"max-snippet:-1","max-image-preview":"max-image-preview:large","max-video-preview":"max-video-preview:-1"},"canonical":"https:\/\/racksweekend.com.br\/it\/sobre\/","og_locale":"it_IT","og_type":"article","og_title":"Sobre - Racks Weekend","og_description":"Sobre N\u00f3s &#8211; Racks Weekend Bem-vindo ao Racks Weekend, o seu guia definitivo para transformar finais de semana comuns em experi\u00eancias memor\u00e1veis! Somos apaixonados por explorar, compartilhar e viver momentos que tornam cada escapada especial, seja na tranquilidade de uma praia paradis\u00edaca, na aventura de uma trilha desafiadora ou na descoberta de uma cidade encantadora. &hellip;","og_url":"https:\/\/racksweekend.com.br\/it\/sobre\/","og_site_name":"Racks Weekend","article_modified_time":"2024-12-03T20:10:34+00:00","twitter_card":"summary_large_image","twitter_misc":{"Tempo di lettura stimato":"3 minuti"},"schema":{"@context":"https:\/\/schema.org","@graph":[{"@type":"WebPage","@id":"https:\/\/racksweekend.com.br\/sobre\/","url":"https:\/\/racksweekend.com.br\/sobre\/","name":"Sobre - Racks Weekend","isPartOf":{"@id":"https:\/\/racksweekend.com.br\/#website"},"datePublished":"2023-04-12T13:35:38+00:00","dateModified":"2024-12-03T20:10:34+00:00","breadcrumb":{"@id":"https:\/\/racksweekend.com.br\/sobre\/#breadcrumb"},"inLanguage":"it-IT","potentialAction":[{"@type":"ReadAction","target":["https:\/\/racksweekend.com.br\/sobre\/"]}]},{"@type":"BreadcrumbList","@id":"https:\/\/racksweekend.com.br\/sobre\/#breadcrumb","itemListElement":[{"@type":"ListItem","position":1,"name":"Home","item":"https:\/\/racksweekend.com.br\/"},{"@type":"ListItem","position":2,"name":"Sobre"}]},{"@type":"WebSite","@id":"https:\/\/racksweekend.com.br\/#website","url":"https:\/\/racksweekend.com.br\/","name":"Weekend di Racks","description":"","publisher":{"@id":"https:\/\/racksweekend.com.br\/#organization"},"potentialAction":[{"@type":"SearchAction","target":{"@type":"EntryPoint","urlTemplate":"https:\/\/racksweekend.com.br\/?s={search_term_string}"},"query-input":{"@type":"PropertyValueSpecification","valueRequired":true,"valueName":"search_term_string"}}],"inLanguage":"it-IT"},{"@type":"Organization","@id":"https:\/\/racksweekend.com.br\/#organization","name":"Weekend di Racks","url":"https:\/\/racksweekend.com.br\/","logo":{"@type":"ImageObject","inLanguage":"it-IT","@id":"https:\/\/racksweekend.com.br\/#\/schema\/logo\/image\/","url":"https:\/\/racksweekend.com.br\/wp-content\/uploads\/2024\/01\/cropped-LOGO-RACKS-2.png","contentUrl":"https:\/\/racksweekend.com.br\/wp-content\/uploads\/2024\/01\/cropped-LOGO-RACKS-2.png","width":1919,"height":538,"caption":"Racks Weekend"},"image":{"@id":"https:\/\/racksweekend.com.br\/#\/schema\/logo\/image\/"}}]}},"_links":{"self":[{"href":"https:\/\/racksweekend.com.br\/it\/wp-json\/wp\/v2\/pages\/18","targetHints":{"allow":["GET"]}}],"collection":[{"href":"https:\/\/racksweekend.com.br\/it\/wp-json\/wp\/v2\/pages"}],"about":[{"href":"https:\/\/racksweekend.com.br\/it\/wp-json\/wp\/v2\/types\/page"}],"author":[{"embeddable":true,"href":"https:\/\/racksweekend.com.br\/it\/wp-json\/wp\/v2\/users\/12"}],"replies":[{"embeddable":true,"href":"https:\/\/racksweekend.com.br\/it\/wp-json\/wp\/v2\/comments?post=18"}],"version-history":[{"count":1,"href":"https:\/\/racksweekend.com.br\/it\/wp-json\/wp\/v2\/pages\/18\/revisions"}],"predecessor-version":[{"id":82012,"href":"https:\/\/racksweekend.com.br\/it\/wp-json\/wp\/v2\/pages\/18\/revisions\/82012"}],"wp:attachment":[{"href":"https:\/\/racksweekend.com.br\/it\/wp-json\/wp\/v2\/media?parent=18"}],"curies":[{"name":"parola chiave","href":"https:\/\/api.w.org\/{rel}","templated":true}]}}