{"id":18,"date":"2023-04-12T13:35:38","date_gmt":"2023-04-12T13:35:38","guid":{"rendered":"https:\/\/racksweekend.com.br\/sobre\/"},"modified":"2024-12-03T20:10:34","modified_gmt":"2024-12-03T20:10:34","slug":"sobre","status":"publish","type":"page","link":"https:\/\/racksweekend.com.br\/hr\/sobre\/","title":{"rendered":"Oko"},"content":{"rendered":"<p><strong>O nama \u2013 Racks Weekend<\/strong><\/p>\n\n\n\n<p>Dobrodo\u0161li u Racks Weekend, va\u0161 ultimativni vodi\u010d za pretvaranje obi\u010dnih vikenda u nezaboravna iskustva! Strastveni smo u istra\u017eivanju, dijeljenju i do\u017eivljavanju trenutaka koji svaki bijeg \u010dine posebnim, bilo da se radi o miru rajske pla\u017ee, avanturi na izazovnoj stazi ili otkri\u0107u \u0161armantnog grada.<\/p>\n\n\n\n<h3 class=\"wp-block-heading\">Tko smo mi<\/h3>\n\n\n\n<p>Racks Weekend nastao je iz \u017eelje da se na jednom mjestu okupe najbolji savjeti i itinereri za one koji \u017eele maksimalno iskoristiti svoje vikende i praznike. Na\u0161 tim \u010dine iskusni putnici, ljubitelji prirode i urbani istra\u017eiva\u010di koji svoje vrijeme posve\u0107uju otkrivanju nevjerojatnih mjesta i pru\u017eanju nezaboravnih iskustava.<\/p>\n\n\n\n<h3 class=\"wp-block-heading\">Na\u0161a misija<\/h3>\n\n\n\n<p>Vjerujemo da je svaki vikend prilika za izlazak iz rutine, otkrivanje novih mjesta i stvaranje pri\u010da za ispri\u010dati. Na\u0161a je misija inspirirati vas i pomo\u0107i vam u planiranju putovanja na jednostavan i prakti\u010dan na\u010din, nude\u0107i detaljne informacije, personalizirane itinerere i vrijedne savjete za sve vrste putnika.<\/p>\n\n\n\n<h3 class=\"wp-block-heading\">\u0160to nudimo<\/h3>\n\n\n\n<ul class=\"wp-block-list\">\n<li><strong>Turisti\u010dki vodi\u010di<\/strong>Potpuni itinereri za nacionalne i me\u0111unarodne destinacije, sa savjetima o smje\u0161taju, gastronomiji i aktivnostima koje ne smijete propustiti.<\/li>\n\n\n\n<li><strong>Savjeti za avanturu i razonodu<\/strong>Prijedlozi za one koji vole ekstremne sportove, planinarske staze, kulturne ture ili trenutke opu\u0161tanja okru\u017eeni prirodom.<\/li>\n\n\n\n<li><strong>Ekskluzivna iskustva<\/strong>Otkrijte doga\u0111aje, izlete i iskustva koja \u0107e va\u0161 vikend u\u010diniti nezaboravnim.<\/li>\n\n\n\n<li><strong>Racks vikend zajednica<\/strong>Prostor za putnike gdje mogu podijeliti svoje pri\u010de, savjete i fotografije s putovanja, stvaraju\u0107i mre\u017eu inspiracije i prijateljstva.<\/li>\n<\/ul>\n\n\n\n<h3 class=\"wp-block-heading\">Za\u0161to odabrati Racks Weekend?<\/h3>\n\n\n\n<p>Znamo da je vrijeme dragocjeno i da planiranje putovanja mo\u017ee biti izazovno. Zato nudimo kvalitetan sadr\u017eaj, koji su kreirali ljudi koji razumiju putovanja i znaju \u0161to je vama va\u017eno. Svaki detalj je osmi\u0161ljen kako bi se osiguralo da va\u0161e iskustvo bude nevjerojatno od po\u010detka do kraja.<\/p>\n\n\n\n<h3 class=\"wp-block-heading\">Idemo zajedno?<\/h3>\n\n\n\n<p>Bilo da ste iskusni putnik ili netko tko tek po\u010dinje istra\u017eivati svijet, Racks Weekend je tu da vam bude suputnik na putovanjima. Pretvorimo va\u0161e vikende u nezaboravne avanture i jedinstvene trenutke.<\/p>\n\n\n\n<p><strong>Racks Weekend<\/strong> \u2014 \u017divjeti zna\u010di istra\u017eivati!<\/p>\n\n\n\n<hr class=\"wp-block-separator has-alpha-channel-opacity\"\/>\n\n\n\n<p>Ako imate bilo kakvih pitanja o stranici, ogla\u0161avanju i bilo kojem drugom pitanju, slobodno nas kontaktirajte, radujemo se \u0161to \u0107emo vam odgovoriti na na\u0161oj stranici za kontakt, radimo 24 sata na ovom polju i imamo dovoljno iskustva za pru\u017eanje po\u0161aljite na <strong>contato@rackswekeend.com.br<\/strong><\/p>","protected":false},"excerpt":{"rendered":"<p>Sobre N\u00f3s &#8211; Racks Weekend Bem-vindo ao Racks Weekend, o seu guia definitivo para transformar finais de semana comuns em experi\u00eancias memor\u00e1veis! Somos apaixonados por explorar, compartilhar e viver momentos que tornam cada escapada especial, seja na tranquilidade de uma praia paradis\u00edaca, na aventura de uma trilha desafiadora ou na descoberta de uma cidade encantadora. &hellip; <\/p>","protected":false},"author":12,"featured_media":0,"parent":0,"menu_order":0,"comment_status":"closed","ping_status":"closed","template":"","meta":{"footnotes":""},"class_list":["post-18","page","type-page","status-publish","hentry","fadeIn","image-hover-transition-effect","latest_post"],"yoast_head":"<!-- This site is optimized with the Yoast SEO plugin v26.8 - https:\/\/yoast.com\/product\/yoast-seo-wordpress\/ -->\n<title>Sobre - Racks Weekend<\/title>\n<meta name=\"robots\" content=\"index, follow, max-snippet:-1, max-image-preview:large, max-video-preview:-1\" \/>\n<link rel=\"canonical\" href=\"https:\/\/racksweekend.com.br\/hr\/sobre\/\" \/>\n<meta property=\"og:locale\" content=\"hr_HR\" \/>\n<meta property=\"og:type\" content=\"article\" \/>\n<meta property=\"og:title\" content=\"Sobre - Racks Weekend\" \/>\n<meta property=\"og:description\" content=\"Sobre N\u00f3s &#8211; Racks Weekend Bem-vindo ao Racks Weekend, o seu guia definitivo para transformar finais de semana comuns em experi\u00eancias memor\u00e1veis! Somos apaixonados por explorar, compartilhar e viver momentos que tornam cada escapada especial, seja na tranquilidade de uma praia paradis\u00edaca, na aventura de uma trilha desafiadora ou na descoberta de uma cidade encantadora. &hellip;\" \/>\n<meta property=\"og:url\" content=\"https:\/\/racksweekend.com.br\/hr\/sobre\/\" \/>\n<meta property=\"og:site_name\" content=\"Racks Weekend\" \/>\n<meta property=\"article:modified_time\" content=\"2024-12-03T20:10:34+00:00\" \/>\n<meta name=\"twitter:card\" content=\"summary_large_image\" \/>\n<meta name=\"twitter:label1\" content=\"Procijenjeno vrijeme \u010ditanja\" \/>\n\t<meta name=\"twitter:data1\" content=\"3 minute\" \/>\n<script type=\"application\/ld+json\" class=\"yoast-schema-graph\">{\"@context\":\"https:\/\/schema.org\",\"@graph\":[{\"@type\":\"WebPage\",\"@id\":\"https:\/\/racksweekend.com.br\/sobre\/\",\"url\":\"https:\/\/racksweekend.com.br\/sobre\/\",\"name\":\"Sobre - Racks Weekend\",\"isPartOf\":{\"@id\":\"https:\/\/racksweekend.com.br\/#website\"},\"datePublished\":\"2023-04-12T13:35:38+00:00\",\"dateModified\":\"2024-12-03T20:10:34+00:00\",\"breadcrumb\":{\"@id\":\"https:\/\/racksweekend.com.br\/sobre\/#breadcrumb\"},\"inLanguage\":\"hr\",\"potentialAction\":[{\"@type\":\"ReadAction\",\"target\":[\"https:\/\/racksweekend.com.br\/sobre\/\"]}]},{\"@type\":\"BreadcrumbList\",\"@id\":\"https:\/\/racksweekend.com.br\/sobre\/#breadcrumb\",\"itemListElement\":[{\"@type\":\"ListItem\",\"position\":1,\"name\":\"Home\",\"item\":\"https:\/\/racksweekend.com.br\/\"},{\"@type\":\"ListItem\",\"position\":2,\"name\":\"Sobre\"}]},{\"@type\":\"WebSite\",\"@id\":\"https:\/\/racksweekend.com.br\/#website\",\"url\":\"https:\/\/racksweekend.com.br\/\",\"name\":\"Racks Weekend\",\"description\":\"\",\"publisher\":{\"@id\":\"https:\/\/racksweekend.com.br\/#organization\"},\"potentialAction\":[{\"@type\":\"SearchAction\",\"target\":{\"@type\":\"EntryPoint\",\"urlTemplate\":\"https:\/\/racksweekend.com.br\/?s={search_term_string}\"},\"query-input\":{\"@type\":\"PropertyValueSpecification\",\"valueRequired\":true,\"valueName\":\"search_term_string\"}}],\"inLanguage\":\"hr\"},{\"@type\":\"Organization\",\"@id\":\"https:\/\/racksweekend.com.br\/#organization\",\"name\":\"Racks Weekend\",\"url\":\"https:\/\/racksweekend.com.br\/\",\"logo\":{\"@type\":\"ImageObject\",\"inLanguage\":\"hr\",\"@id\":\"https:\/\/racksweekend.com.br\/#\/schema\/logo\/image\/\",\"url\":\"https:\/\/racksweekend.com.br\/wp-content\/uploads\/2024\/01\/cropped-LOGO-RACKS-2.png\",\"contentUrl\":\"https:\/\/racksweekend.com.br\/wp-content\/uploads\/2024\/01\/cropped-LOGO-RACKS-2.png\",\"width\":1919,\"height\":538,\"caption\":\"Racks Weekend\"},\"image\":{\"@id\":\"https:\/\/racksweekend.com.br\/#\/schema\/logo\/image\/\"}}]}<\/script>\n<!-- \/ Yoast SEO plugin. -->","yoast_head_json":{"title":"Sobre - Racks Weekend","robots":{"index":"index","follow":"follow","max-snippet":"max-snippet:-1","max-image-preview":"max-image-preview:large","max-video-preview":"max-video-preview:-1"},"canonical":"https:\/\/racksweekend.com.br\/hr\/sobre\/","og_locale":"hr_HR","og_type":"article","og_title":"Sobre - Racks Weekend","og_description":"Sobre N\u00f3s &#8211; Racks Weekend Bem-vindo ao Racks Weekend, o seu guia definitivo para transformar finais de semana comuns em experi\u00eancias memor\u00e1veis! Somos apaixonados por explorar, compartilhar e viver momentos que tornam cada escapada especial, seja na tranquilidade de uma praia paradis\u00edaca, na aventura de uma trilha desafiadora ou na descoberta de uma cidade encantadora. &hellip;","og_url":"https:\/\/racksweekend.com.br\/hr\/sobre\/","og_site_name":"Racks Weekend","article_modified_time":"2024-12-03T20:10:34+00:00","twitter_card":"summary_large_image","twitter_misc":{"Procijenjeno vrijeme \u010ditanja":"3 minute"},"schema":{"@context":"https:\/\/schema.org","@graph":[{"@type":"WebPage","@id":"https:\/\/racksweekend.com.br\/sobre\/","url":"https:\/\/racksweekend.com.br\/sobre\/","name":"Sobre - Racks Weekend","isPartOf":{"@id":"https:\/\/racksweekend.com.br\/#website"},"datePublished":"2023-04-12T13:35:38+00:00","dateModified":"2024-12-03T20:10:34+00:00","breadcrumb":{"@id":"https:\/\/racksweekend.com.br\/sobre\/#breadcrumb"},"inLanguage":"hr","potentialAction":[{"@type":"ReadAction","target":["https:\/\/racksweekend.com.br\/sobre\/"]}]},{"@type":"BreadcrumbList","@id":"https:\/\/racksweekend.com.br\/sobre\/#breadcrumb","itemListElement":[{"@type":"ListItem","position":1,"name":"Home","item":"https:\/\/racksweekend.com.br\/"},{"@type":"ListItem","position":2,"name":"Sobre"}]},{"@type":"WebSite","@id":"https:\/\/racksweekend.com.br\/#website","url":"https:\/\/racksweekend.com.br\/","name":"Racks Weekend","description":"","publisher":{"@id":"https:\/\/racksweekend.com.br\/#organization"},"potentialAction":[{"@type":"SearchAction","target":{"@type":"EntryPoint","urlTemplate":"https:\/\/racksweekend.com.br\/?s={search_term_string}"},"query-input":{"@type":"PropertyValueSpecification","valueRequired":true,"valueName":"search_term_string"}}],"inLanguage":"hr"},{"@type":"Organization","@id":"https:\/\/racksweekend.com.br\/#organization","name":"Racks Weekend","url":"https:\/\/racksweekend.com.br\/","logo":{"@type":"ImageObject","inLanguage":"hr","@id":"https:\/\/racksweekend.com.br\/#\/schema\/logo\/image\/","url":"https:\/\/racksweekend.com.br\/wp-content\/uploads\/2024\/01\/cropped-LOGO-RACKS-2.png","contentUrl":"https:\/\/racksweekend.com.br\/wp-content\/uploads\/2024\/01\/cropped-LOGO-RACKS-2.png","width":1919,"height":538,"caption":"Racks Weekend"},"image":{"@id":"https:\/\/racksweekend.com.br\/#\/schema\/logo\/image\/"}}]}},"_links":{"self":[{"href":"https:\/\/racksweekend.com.br\/hr\/wp-json\/wp\/v2\/pages\/18","targetHints":{"allow":["GET"]}}],"collection":[{"href":"https:\/\/racksweekend.com.br\/hr\/wp-json\/wp\/v2\/pages"}],"about":[{"href":"https:\/\/racksweekend.com.br\/hr\/wp-json\/wp\/v2\/types\/page"}],"author":[{"embeddable":true,"href":"https:\/\/racksweekend.com.br\/hr\/wp-json\/wp\/v2\/users\/12"}],"replies":[{"embeddable":true,"href":"https:\/\/racksweekend.com.br\/hr\/wp-json\/wp\/v2\/comments?post=18"}],"version-history":[{"count":1,"href":"https:\/\/racksweekend.com.br\/hr\/wp-json\/wp\/v2\/pages\/18\/revisions"}],"predecessor-version":[{"id":82012,"href":"https:\/\/racksweekend.com.br\/hr\/wp-json\/wp\/v2\/pages\/18\/revisions\/82012"}],"wp:attachment":[{"href":"https:\/\/racksweekend.com.br\/hr\/wp-json\/wp\/v2\/media?parent=18"}],"curies":[{"name":"wp","href":"https:\/\/api.w.org\/{rel}","templated":true}]}}