{"id":18,"date":"2023-04-12T13:35:38","date_gmt":"2023-04-12T13:35:38","guid":{"rendered":"https:\/\/racksweekend.com.br\/sobre\/"},"modified":"2024-12-03T20:10:34","modified_gmt":"2024-12-03T20:10:34","slug":"sobre","status":"publish","type":"page","link":"https:\/\/racksweekend.com.br\/fr\/sobre\/","title":{"rendered":"\u00c0 propos"},"content":{"rendered":"<p><strong>\u00c0 propos de nous \u2013 Racks Weekend<\/strong><\/p>\n\n\n\n<p>Bienvenue chez Racks Weekend, votre guide ultime pour transformer des week-ends ordinaires en exp\u00e9riences m\u00e9morables ! Nous sommes passionn\u00e9s par l&#039;exploration, le partage et l&#039;exp\u00e9rience de moments qui rendent chaque escapade sp\u00e9ciale, que ce soit la tranquillit\u00e9 d&#039;une plage paradisiaque, l&#039;aventure d&#039;un sentier difficile ou la d\u00e9couverte d&#039;une ville charmante.<\/p>\n\n\n\n<h3 class=\"wp-block-heading\">Qui sommes-nous<\/h3>\n\n\n\n<p>Racks Weekend est n\u00e9 de l&#039;envie de r\u00e9unir en un seul endroit les meilleurs conseils et itin\u00e9raires pour ceux qui veulent profiter au maximum de leurs week-ends et vacances. Notre \u00e9quipe est compos\u00e9e de voyageurs exp\u00e9riment\u00e9s, d&#039;amoureux de la nature et d&#039;explorateurs urbains qui consacrent leur temps \u00e0 d\u00e9couvrir des lieux incroyables et \u00e0 offrir des exp\u00e9riences inoubliables.<\/p>\n\n\n\n<h3 class=\"wp-block-heading\">Notre mission<\/h3>\n\n\n\n<p>Nous pensons que chaque week-end est l&#039;occasion de sortir de la routine, de d\u00e9couvrir de nouveaux endroits et de cr\u00e9er des histoires \u00e0 raconter. Notre mission est de vous inspirer et de vous aider \u00e0 planifier vos voyages de mani\u00e8re simple et pratique, en offrant des informations d\u00e9taill\u00e9es, des itin\u00e9raires personnalis\u00e9s et des conseils pr\u00e9cieux pour tous les types de voyageurs.<\/p>\n\n\n\n<h3 class=\"wp-block-heading\">Ce que nous offrons<\/h3>\n\n\n\n<ul class=\"wp-block-list\">\n<li><strong>Guides de voyage<\/strong>:Itin\u00e9raires complets pour des destinations nationales et internationales, avec des conseils sur l&#039;h\u00e9bergement, la gastronomie et les activit\u00e9s incontournables.<\/li>\n\n\n\n<li><strong>Conseils d&#039;aventure et de loisirs<\/strong>: Suggestions pour ceux qui aiment les sports extr\u00eames, les sentiers, les visites culturelles ou les moments de d\u00e9tente en pleine nature.<\/li>\n\n\n\n<li><strong>Exp\u00e9riences exclusives<\/strong>:D\u00e9couvrez des \u00e9v\u00e9nements, des visites et des exp\u00e9riences qui rendront votre week-end inoubliable.<\/li>\n\n\n\n<li><strong>Communaut\u00e9 du week-end Racks<\/strong>:Un espace o\u00f9 les voyageurs peuvent partager leurs histoires, leurs conseils et leurs photos de voyage, cr\u00e9ant ainsi un r\u00e9seau d&#039;inspiration et d&#039;amiti\u00e9.<\/li>\n<\/ul>\n\n\n\n<h3 class=\"wp-block-heading\">Pourquoi choisir Racks Weekend ?<\/h3>\n\n\n\n<p>Nous savons que le temps est pr\u00e9cieux et que planifier un voyage peut \u00eatre un d\u00e9fi. C&#039;est pourquoi nous proposons du contenu de qualit\u00e9, cr\u00e9\u00e9 par des personnes qui comprennent les voyages et savent ce qui est important pour vous. Chaque d\u00e9tail est pens\u00e9 pour garantir que votre exp\u00e9rience soit incroyable du d\u00e9but \u00e0 la fin.<\/p>\n\n\n\n<h3 class=\"wp-block-heading\">On y va ensemble ?<\/h3>\n\n\n\n<p>Que vous soyez un voyageur chevronn\u00e9 ou quelqu&#039;un qui commence tout juste \u00e0 explorer le monde, Racks Weekend est l\u00e0 pour \u00eatre votre compagnon de voyage. Transformons vos week-ends en aventures inoubliables et en moments uniques.<\/p>\n\n\n\n<p><strong>Week-end des racks<\/strong> \u2014 Vivre c&#039;est explorer !<\/p>\n\n\n\n<hr class=\"wp-block-separator has-alpha-channel-opacity\"\/>\n\n\n\n<p>Si vous avez des questions sur le Site, la Publicit\u00e9 et tout autre sujet, n&#039;h\u00e9sitez pas \u00e0 nous contacter, nous sommes impatients de vous r\u00e9pondre sur notre page de contact, nous travaillons 24 heures sur 24 dans ce domaine et avons suffisamment d&#039;exp\u00e9rience pour vous fournir l&#039;envoi \u00e0 <strong>contato@rackswekeend.com.br<\/strong><\/p>","protected":false},"excerpt":{"rendered":"<p>\u00c0 propos de nous \u2013 Racks Weekend Bienvenue sur Racks Weekend, votre guide ultime pour transformer vos week-ends ordinaires en exp\u00e9riences inoubliables\u00a0! Nous sommes passionn\u00e9s par l\u2019exploration, le partage et la d\u00e9couverte de moments qui rendent chaque escapade sp\u00e9ciale, qu\u2019il s\u2019agisse de la tranquillit\u00e9 d\u2019une plage paradisiaque, de l\u2019aventure d\u2019un sentier exigeant ou de la d\u00e9couverte d\u2019une ville charmante. <\/p>","protected":false},"author":12,"featured_media":0,"parent":0,"menu_order":0,"comment_status":"closed","ping_status":"closed","template":"","meta":{"footnotes":""},"class_list":["post-18","page","type-page","status-publish","hentry","fadeIn","image-hover-transition-effect","latest_post"],"yoast_head":"<!-- This site is optimized with the Yoast SEO plugin v26.8 - https:\/\/yoast.com\/product\/yoast-seo-wordpress\/ -->\n<title>Sobre - Racks Weekend<\/title>\n<meta name=\"robots\" content=\"index, follow, max-snippet:-1, max-image-preview:large, max-video-preview:-1\" \/>\n<link rel=\"canonical\" href=\"https:\/\/racksweekend.com.br\/fr\/sobre\/\" \/>\n<meta property=\"og:locale\" content=\"fr_FR\" \/>\n<meta property=\"og:type\" content=\"article\" \/>\n<meta property=\"og:title\" content=\"Sobre - Racks Weekend\" \/>\n<meta property=\"og:description\" content=\"Sobre N\u00f3s &#8211; Racks Weekend Bem-vindo ao Racks Weekend, o seu guia definitivo para transformar finais de semana comuns em experi\u00eancias memor\u00e1veis! Somos apaixonados por explorar, compartilhar e viver momentos que tornam cada escapada especial, seja na tranquilidade de uma praia paradis\u00edaca, na aventura de uma trilha desafiadora ou na descoberta de uma cidade encantadora. &hellip;\" \/>\n<meta property=\"og:url\" content=\"https:\/\/racksweekend.com.br\/fr\/sobre\/\" \/>\n<meta property=\"og:site_name\" content=\"Racks Weekend\" \/>\n<meta property=\"article:modified_time\" content=\"2024-12-03T20:10:34+00:00\" \/>\n<meta name=\"twitter:card\" content=\"summary_large_image\" \/>\n<meta name=\"twitter:label1\" content=\"Dur\u00e9e de lecture estim\u00e9e\" \/>\n\t<meta name=\"twitter:data1\" content=\"3 minutes\" \/>\n<script type=\"application\/ld+json\" class=\"yoast-schema-graph\">{\"@context\":\"https:\/\/schema.org\",\"@graph\":[{\"@type\":\"WebPage\",\"@id\":\"https:\/\/racksweekend.com.br\/sobre\/\",\"url\":\"https:\/\/racksweekend.com.br\/sobre\/\",\"name\":\"Sobre - Racks Weekend\",\"isPartOf\":{\"@id\":\"https:\/\/racksweekend.com.br\/#website\"},\"datePublished\":\"2023-04-12T13:35:38+00:00\",\"dateModified\":\"2024-12-03T20:10:34+00:00\",\"breadcrumb\":{\"@id\":\"https:\/\/racksweekend.com.br\/sobre\/#breadcrumb\"},\"inLanguage\":\"fr-FR\",\"potentialAction\":[{\"@type\":\"ReadAction\",\"target\":[\"https:\/\/racksweekend.com.br\/sobre\/\"]}]},{\"@type\":\"BreadcrumbList\",\"@id\":\"https:\/\/racksweekend.com.br\/sobre\/#breadcrumb\",\"itemListElement\":[{\"@type\":\"ListItem\",\"position\":1,\"name\":\"Home\",\"item\":\"https:\/\/racksweekend.com.br\/\"},{\"@type\":\"ListItem\",\"position\":2,\"name\":\"Sobre\"}]},{\"@type\":\"WebSite\",\"@id\":\"https:\/\/racksweekend.com.br\/#website\",\"url\":\"https:\/\/racksweekend.com.br\/\",\"name\":\"Racks Weekend\",\"description\":\"\",\"publisher\":{\"@id\":\"https:\/\/racksweekend.com.br\/#organization\"},\"potentialAction\":[{\"@type\":\"SearchAction\",\"target\":{\"@type\":\"EntryPoint\",\"urlTemplate\":\"https:\/\/racksweekend.com.br\/?s={search_term_string}\"},\"query-input\":{\"@type\":\"PropertyValueSpecification\",\"valueRequired\":true,\"valueName\":\"search_term_string\"}}],\"inLanguage\":\"fr-FR\"},{\"@type\":\"Organization\",\"@id\":\"https:\/\/racksweekend.com.br\/#organization\",\"name\":\"Racks Weekend\",\"url\":\"https:\/\/racksweekend.com.br\/\",\"logo\":{\"@type\":\"ImageObject\",\"inLanguage\":\"fr-FR\",\"@id\":\"https:\/\/racksweekend.com.br\/#\/schema\/logo\/image\/\",\"url\":\"https:\/\/racksweekend.com.br\/wp-content\/uploads\/2024\/01\/cropped-LOGO-RACKS-2.png\",\"contentUrl\":\"https:\/\/racksweekend.com.br\/wp-content\/uploads\/2024\/01\/cropped-LOGO-RACKS-2.png\",\"width\":1919,\"height\":538,\"caption\":\"Racks Weekend\"},\"image\":{\"@id\":\"https:\/\/racksweekend.com.br\/#\/schema\/logo\/image\/\"}}]}<\/script>\n<!-- \/ Yoast SEO plugin. -->","yoast_head_json":{"title":"\u00c0 propos - Racks Weekend","robots":{"index":"index","follow":"follow","max-snippet":"max-snippet:-1","max-image-preview":"max-image-preview:large","max-video-preview":"max-video-preview:-1"},"canonical":"https:\/\/racksweekend.com.br\/fr\/sobre\/","og_locale":"fr_FR","og_type":"article","og_title":"Sobre - Racks Weekend","og_description":"Sobre N\u00f3s &#8211; Racks Weekend Bem-vindo ao Racks Weekend, o seu guia definitivo para transformar finais de semana comuns em experi\u00eancias memor\u00e1veis! Somos apaixonados por explorar, compartilhar e viver momentos que tornam cada escapada especial, seja na tranquilidade de uma praia paradis\u00edaca, na aventura de uma trilha desafiadora ou na descoberta de uma cidade encantadora. &hellip;","og_url":"https:\/\/racksweekend.com.br\/fr\/sobre\/","og_site_name":"Racks Weekend","article_modified_time":"2024-12-03T20:10:34+00:00","twitter_card":"summary_large_image","twitter_misc":{"Dur\u00e9e de lecture estim\u00e9e":"3 minutes"},"schema":{"@context":"https:\/\/schema.org","@graph":[{"@type":"WebPage","@id":"https:\/\/racksweekend.com.br\/sobre\/","url":"https:\/\/racksweekend.com.br\/sobre\/","name":"\u00c0 propos - Racks Weekend","isPartOf":{"@id":"https:\/\/racksweekend.com.br\/#website"},"datePublished":"2023-04-12T13:35:38+00:00","dateModified":"2024-12-03T20:10:34+00:00","breadcrumb":{"@id":"https:\/\/racksweekend.com.br\/sobre\/#breadcrumb"},"inLanguage":"fr-FR","potentialAction":[{"@type":"ReadAction","target":["https:\/\/racksweekend.com.br\/sobre\/"]}]},{"@type":"BreadcrumbList","@id":"https:\/\/racksweekend.com.br\/sobre\/#breadcrumb","itemListElement":[{"@type":"ListItem","position":1,"name":"Home","item":"https:\/\/racksweekend.com.br\/"},{"@type":"ListItem","position":2,"name":"Sobre"}]},{"@type":"WebSite","@id":"https:\/\/racksweekend.com.br\/#website","url":"https:\/\/racksweekend.com.br\/","name":"Week-end des racks","description":"","publisher":{"@id":"https:\/\/racksweekend.com.br\/#organization"},"potentialAction":[{"@type":"SearchAction","target":{"@type":"EntryPoint","urlTemplate":"https:\/\/racksweekend.com.br\/?s={search_term_string}"},"query-input":{"@type":"PropertyValueSpecification","valueRequired":true,"valueName":"search_term_string"}}],"inLanguage":"fr-FR"},{"@type":"Organization","@id":"https:\/\/racksweekend.com.br\/#organization","name":"Week-end des racks","url":"https:\/\/racksweekend.com.br\/","logo":{"@type":"ImageObject","inLanguage":"fr-FR","@id":"https:\/\/racksweekend.com.br\/#\/schema\/logo\/image\/","url":"https:\/\/racksweekend.com.br\/wp-content\/uploads\/2024\/01\/cropped-LOGO-RACKS-2.png","contentUrl":"https:\/\/racksweekend.com.br\/wp-content\/uploads\/2024\/01\/cropped-LOGO-RACKS-2.png","width":1919,"height":538,"caption":"Racks Weekend"},"image":{"@id":"https:\/\/racksweekend.com.br\/#\/schema\/logo\/image\/"}}]}},"_links":{"self":[{"href":"https:\/\/racksweekend.com.br\/fr\/wp-json\/wp\/v2\/pages\/18","targetHints":{"allow":["GET"]}}],"collection":[{"href":"https:\/\/racksweekend.com.br\/fr\/wp-json\/wp\/v2\/pages"}],"about":[{"href":"https:\/\/racksweekend.com.br\/fr\/wp-json\/wp\/v2\/types\/page"}],"author":[{"embeddable":true,"href":"https:\/\/racksweekend.com.br\/fr\/wp-json\/wp\/v2\/users\/12"}],"replies":[{"embeddable":true,"href":"https:\/\/racksweekend.com.br\/fr\/wp-json\/wp\/v2\/comments?post=18"}],"version-history":[{"count":1,"href":"https:\/\/racksweekend.com.br\/fr\/wp-json\/wp\/v2\/pages\/18\/revisions"}],"predecessor-version":[{"id":82012,"href":"https:\/\/racksweekend.com.br\/fr\/wp-json\/wp\/v2\/pages\/18\/revisions\/82012"}],"wp:attachment":[{"href":"https:\/\/racksweekend.com.br\/fr\/wp-json\/wp\/v2\/media?parent=18"}],"curies":[{"name":"wp","href":"https:\/\/api.w.org\/{rel}","templated":true}]}}