{"id":18,"date":"2023-04-12T13:35:38","date_gmt":"2023-04-12T13:35:38","guid":{"rendered":"https:\/\/racksweekend.com.br\/sobre\/"},"modified":"2024-12-03T20:10:34","modified_gmt":"2024-12-03T20:10:34","slug":"sobre","status":"publish","type":"page","link":"https:\/\/racksweekend.com.br\/es\/sobre\/","title":{"rendered":"Acerca de"},"content":{"rendered":"<p><strong>Sobre Nosotros \u2013 Fin de Semana de Racks<\/strong><\/p>\n\n\n\n<p>\u00a1Bienvenido a Racks Weekend, tu gu\u00eda definitiva para convertir fines de semana normales en experiencias memorables! Nos apasiona explorar, compartir y vivir momentos que hacen especial cada escapada, ya sea en la tranquilidad de una playa paradis\u00edaca, la aventura de un sendero desafiante o el descubrimiento de una ciudad encantadora.<\/p>\n\n\n\n<h3 class=\"wp-block-heading\">Quienes somos<\/h3>\n\n\n\n<p>Racks Weekend nace del deseo de reunir en un solo lugar los mejores consejos e itinerarios para aquellos que quieren aprovechar al m\u00e1ximo sus fines de semana y vacaciones. Nuestro equipo est\u00e1 formado por viajeros experimentados, amantes de la naturaleza y exploradores urbanos que dedican su tiempo a descubrir lugares incre\u00edbles y brindar experiencias inolvidables.<\/p>\n\n\n\n<h3 class=\"wp-block-heading\">Nuestra Misi\u00f3n<\/h3>\n\n\n\n<p>Creemos que cada fin de semana es una oportunidad para salir de la rutina, descubrir nuevos lugares y crear historias para contar. Nuestra misi\u00f3n es inspirarte y ayudarte a planificar tus viajes de una forma sencilla y pr\u00e1ctica, ofreciendo informaci\u00f3n detallada, itinerarios personalizados y valiosos consejos para todos los perfiles de viajero.<\/p>\n\n\n\n<h3 class=\"wp-block-heading\">Lo que ofrecemos<\/h3>\n\n\n\n<ul class=\"wp-block-list\">\n<li><strong>Gu\u00edas de viaje<\/strong>: Itinerarios completos por destinos nacionales e internacionales, con consejos sobre alojamiento, gastronom\u00eda y actividades imperdibles.<\/li>\n\n\n\n<li><strong>Consejos de Aventura y Ocio<\/strong>: Sugerencias para los amantes de los deportes extremos, senderos, recorridos culturales o momentos de relajaci\u00f3n en medio de la naturaleza.<\/li>\n\n\n\n<li><strong>Experiencias Exclusivas<\/strong>: Descubra eventos, tours y experiencias que har\u00e1n que su fin de semana sea inolvidable.<\/li>\n\n\n\n<li><strong>Comunidad de fin de semana de bastidores<\/strong>: Un espacio para que los viajeros compartan sus historias de viajes, consejos y fotograf\u00edas, creando una red de inspiraci\u00f3n y amistad.<\/li>\n<\/ul>\n\n\n\n<h3 class=\"wp-block-heading\">\u00bfPor qu\u00e9 elegir Racks Weekend?<\/h3>\n\n\n\n<p>Sabemos que el tiempo es oro y planificar un viaje puede ser un desaf\u00edo. Por eso ofrecemos contenido de calidad, elaborado por personas que entienden de viajes y saben lo que es importante para ti. Cada detalle est\u00e1 pensado para que tu experiencia sea incre\u00edble de principio a fin.<\/p>\n\n\n\n<h3 class=\"wp-block-heading\">\u00bfVamos juntos?<\/h3>\n\n\n\n<p>Ya sea que sea un viajero experimentado o alguien que reci\u00e9n comienza a explorar el mundo, Racks Weekend est\u00e1 aqu\u00ed para ser su compa\u00f1ero de viaje. Transformemos tus fines de semana en aventuras inolvidables y momentos \u00fanicos.<\/p>\n\n\n\n<p><strong>Fin de semana de bastidores<\/strong> \u2014 \u00a1Vivir es explorar!<\/p>\n\n\n\n<hr class=\"wp-block-separator has-alpha-channel-opacity\"\/>\n\n\n\n<p>Si tiene alguna pregunta sobre el Sitio, la Publicidad y cualquier otro asunto, no dude en contactarnos, esperamos responderle en nuestra p\u00e1gina de contacto, trabajamos las 24 horas en este campo y tenemos suficiente experiencia para enviar a <strong>contato@rackswekeend.com.br<\/strong><\/p>","protected":false},"excerpt":{"rendered":"<p>Sobre N\u00f3s &#8211; Racks Weekend Bem-vindo ao Racks Weekend, o seu guia definitivo para transformar finais de semana comuns em experi\u00eancias memor\u00e1veis! Somos apaixonados por explorar, compartilhar e viver momentos que tornam cada escapada especial, seja na tranquilidade de uma praia paradis\u00edaca, na aventura de uma trilha desafiadora ou na descoberta de uma cidade encantadora. &hellip; <\/p>","protected":false},"author":12,"featured_media":0,"parent":0,"menu_order":0,"comment_status":"closed","ping_status":"closed","template":"","meta":{"footnotes":""},"class_list":["post-18","page","type-page","status-publish","hentry","fadeIn","image-hover-transition-effect","latest_post"],"yoast_head":"<!-- This site is optimized with the Yoast SEO plugin v26.8 - https:\/\/yoast.com\/product\/yoast-seo-wordpress\/ -->\n<title>Sobre - Racks Weekend<\/title>\n<meta name=\"robots\" content=\"index, follow, max-snippet:-1, max-image-preview:large, max-video-preview:-1\" \/>\n<link rel=\"canonical\" href=\"https:\/\/racksweekend.com.br\/es\/sobre\/\" \/>\n<meta property=\"og:locale\" content=\"es_MX\" \/>\n<meta property=\"og:type\" content=\"article\" \/>\n<meta property=\"og:title\" content=\"Sobre - Racks Weekend\" \/>\n<meta property=\"og:description\" content=\"Sobre N\u00f3s &#8211; Racks Weekend Bem-vindo ao Racks Weekend, o seu guia definitivo para transformar finais de semana comuns em experi\u00eancias memor\u00e1veis! Somos apaixonados por explorar, compartilhar e viver momentos que tornam cada escapada especial, seja na tranquilidade de uma praia paradis\u00edaca, na aventura de uma trilha desafiadora ou na descoberta de uma cidade encantadora. &hellip;\" \/>\n<meta property=\"og:url\" content=\"https:\/\/racksweekend.com.br\/es\/sobre\/\" \/>\n<meta property=\"og:site_name\" content=\"Racks Weekend\" \/>\n<meta property=\"article:modified_time\" content=\"2024-12-03T20:10:34+00:00\" \/>\n<meta name=\"twitter:card\" content=\"summary_large_image\" \/>\n<meta name=\"twitter:label1\" content=\"Tiempo de lectura\" \/>\n\t<meta name=\"twitter:data1\" content=\"3 minutos\" \/>\n<script type=\"application\/ld+json\" class=\"yoast-schema-graph\">{\"@context\":\"https:\/\/schema.org\",\"@graph\":[{\"@type\":\"WebPage\",\"@id\":\"https:\/\/racksweekend.com.br\/sobre\/\",\"url\":\"https:\/\/racksweekend.com.br\/sobre\/\",\"name\":\"Sobre - Racks Weekend\",\"isPartOf\":{\"@id\":\"https:\/\/racksweekend.com.br\/#website\"},\"datePublished\":\"2023-04-12T13:35:38+00:00\",\"dateModified\":\"2024-12-03T20:10:34+00:00\",\"breadcrumb\":{\"@id\":\"https:\/\/racksweekend.com.br\/sobre\/#breadcrumb\"},\"inLanguage\":\"es\",\"potentialAction\":[{\"@type\":\"ReadAction\",\"target\":[\"https:\/\/racksweekend.com.br\/sobre\/\"]}]},{\"@type\":\"BreadcrumbList\",\"@id\":\"https:\/\/racksweekend.com.br\/sobre\/#breadcrumb\",\"itemListElement\":[{\"@type\":\"ListItem\",\"position\":1,\"name\":\"Home\",\"item\":\"https:\/\/racksweekend.com.br\/\"},{\"@type\":\"ListItem\",\"position\":2,\"name\":\"Sobre\"}]},{\"@type\":\"WebSite\",\"@id\":\"https:\/\/racksweekend.com.br\/#website\",\"url\":\"https:\/\/racksweekend.com.br\/\",\"name\":\"Racks Weekend\",\"description\":\"\",\"publisher\":{\"@id\":\"https:\/\/racksweekend.com.br\/#organization\"},\"potentialAction\":[{\"@type\":\"SearchAction\",\"target\":{\"@type\":\"EntryPoint\",\"urlTemplate\":\"https:\/\/racksweekend.com.br\/?s={search_term_string}\"},\"query-input\":{\"@type\":\"PropertyValueSpecification\",\"valueRequired\":true,\"valueName\":\"search_term_string\"}}],\"inLanguage\":\"es\"},{\"@type\":\"Organization\",\"@id\":\"https:\/\/racksweekend.com.br\/#organization\",\"name\":\"Racks Weekend\",\"url\":\"https:\/\/racksweekend.com.br\/\",\"logo\":{\"@type\":\"ImageObject\",\"inLanguage\":\"es\",\"@id\":\"https:\/\/racksweekend.com.br\/#\/schema\/logo\/image\/\",\"url\":\"https:\/\/racksweekend.com.br\/wp-content\/uploads\/2024\/01\/cropped-LOGO-RACKS-2.png\",\"contentUrl\":\"https:\/\/racksweekend.com.br\/wp-content\/uploads\/2024\/01\/cropped-LOGO-RACKS-2.png\",\"width\":1919,\"height\":538,\"caption\":\"Racks Weekend\"},\"image\":{\"@id\":\"https:\/\/racksweekend.com.br\/#\/schema\/logo\/image\/\"}}]}<\/script>\n<!-- \/ Yoast SEO plugin. -->","yoast_head_json":{"title":"Sobre - Racks Weekend","robots":{"index":"index","follow":"follow","max-snippet":"max-snippet:-1","max-image-preview":"max-image-preview:large","max-video-preview":"max-video-preview:-1"},"canonical":"https:\/\/racksweekend.com.br\/es\/sobre\/","og_locale":"es_MX","og_type":"article","og_title":"Sobre - Racks Weekend","og_description":"Sobre N\u00f3s &#8211; Racks Weekend Bem-vindo ao Racks Weekend, o seu guia definitivo para transformar finais de semana comuns em experi\u00eancias memor\u00e1veis! Somos apaixonados por explorar, compartilhar e viver momentos que tornam cada escapada especial, seja na tranquilidade de uma praia paradis\u00edaca, na aventura de uma trilha desafiadora ou na descoberta de uma cidade encantadora. &hellip;","og_url":"https:\/\/racksweekend.com.br\/es\/sobre\/","og_site_name":"Racks Weekend","article_modified_time":"2024-12-03T20:10:34+00:00","twitter_card":"summary_large_image","twitter_misc":{"Tiempo de lectura":"3 minutos"},"schema":{"@context":"https:\/\/schema.org","@graph":[{"@type":"WebPage","@id":"https:\/\/racksweekend.com.br\/sobre\/","url":"https:\/\/racksweekend.com.br\/sobre\/","name":"Sobre - Racks Weekend","isPartOf":{"@id":"https:\/\/racksweekend.com.br\/#website"},"datePublished":"2023-04-12T13:35:38+00:00","dateModified":"2024-12-03T20:10:34+00:00","breadcrumb":{"@id":"https:\/\/racksweekend.com.br\/sobre\/#breadcrumb"},"inLanguage":"es","potentialAction":[{"@type":"ReadAction","target":["https:\/\/racksweekend.com.br\/sobre\/"]}]},{"@type":"BreadcrumbList","@id":"https:\/\/racksweekend.com.br\/sobre\/#breadcrumb","itemListElement":[{"@type":"ListItem","position":1,"name":"Home","item":"https:\/\/racksweekend.com.br\/"},{"@type":"ListItem","position":2,"name":"Sobre"}]},{"@type":"WebSite","@id":"https:\/\/racksweekend.com.br\/#website","url":"https:\/\/racksweekend.com.br\/","name":"Fin de semana de bastidores","description":"","publisher":{"@id":"https:\/\/racksweekend.com.br\/#organization"},"potentialAction":[{"@type":"SearchAction","target":{"@type":"EntryPoint","urlTemplate":"https:\/\/racksweekend.com.br\/?s={search_term_string}"},"query-input":{"@type":"PropertyValueSpecification","valueRequired":true,"valueName":"search_term_string"}}],"inLanguage":"es"},{"@type":"Organization","@id":"https:\/\/racksweekend.com.br\/#organization","name":"Fin de semana de bastidores","url":"https:\/\/racksweekend.com.br\/","logo":{"@type":"ImageObject","inLanguage":"es","@id":"https:\/\/racksweekend.com.br\/#\/schema\/logo\/image\/","url":"https:\/\/racksweekend.com.br\/wp-content\/uploads\/2024\/01\/cropped-LOGO-RACKS-2.png","contentUrl":"https:\/\/racksweekend.com.br\/wp-content\/uploads\/2024\/01\/cropped-LOGO-RACKS-2.png","width":1919,"height":538,"caption":"Racks Weekend"},"image":{"@id":"https:\/\/racksweekend.com.br\/#\/schema\/logo\/image\/"}}]}},"_links":{"self":[{"href":"https:\/\/racksweekend.com.br\/es\/wp-json\/wp\/v2\/pages\/18","targetHints":{"allow":["GET"]}}],"collection":[{"href":"https:\/\/racksweekend.com.br\/es\/wp-json\/wp\/v2\/pages"}],"about":[{"href":"https:\/\/racksweekend.com.br\/es\/wp-json\/wp\/v2\/types\/page"}],"author":[{"embeddable":true,"href":"https:\/\/racksweekend.com.br\/es\/wp-json\/wp\/v2\/users\/12"}],"replies":[{"embeddable":true,"href":"https:\/\/racksweekend.com.br\/es\/wp-json\/wp\/v2\/comments?post=18"}],"version-history":[{"count":1,"href":"https:\/\/racksweekend.com.br\/es\/wp-json\/wp\/v2\/pages\/18\/revisions"}],"predecessor-version":[{"id":82012,"href":"https:\/\/racksweekend.com.br\/es\/wp-json\/wp\/v2\/pages\/18\/revisions\/82012"}],"wp:attachment":[{"href":"https:\/\/racksweekend.com.br\/es\/wp-json\/wp\/v2\/media?parent=18"}],"curies":[{"name":"wp","href":"https:\/\/api.w.org\/{rel}","templated":true}]}}